{"id":76,"date":"2019-05-28T17:10:48","date_gmt":"2019-05-28T14:10:48","guid":{"rendered":"http:\/\/www.noyafuar.com\/?page_id=76"},"modified":"2020-01-13T17:22:13","modified_gmt":"2020-01-13T14:22:13","slug":"development-of-exhibitions-and-exhibition-sector-in-turkey","status":"publish","type":"page","link":"https:\/\/www.noyafuar.com\/en\/development-of-exhibitions-and-exhibition-sector-in-turkey\/","title":{"rendered":"Development of Exhibitions and Exhibition Sector in Turkey"},"content":{"rendered":"\n<p>As mechanisms\nmeasuring the results of studies on exhibitions in numeric terms have not been\ndeveloped in Turkey; it is unfortunately impossible for us to know how\nexhibitions contribute to country economy.<\/p>\n\n\n\n<p>Our aim for\ngiving the numerical comparison of Turkish and German exhibitions is to\nhighlight the quality and importance of the exhibitions organized in a country,\nnot their numbers. Moreover; as we mentioned when discussing the problems in\nexhibitions in our country, the huge numbers of exhibitions organized can be a\nproblem hindering the development of the country exhibition organizations.<\/p>\n\n\n\n<p>The local\nbazaars which are also called \u201cpanay\u0131r\u201d (street fair) has a huge importance in\nTurkish economic life, dates a long time back. The word \u201cpanay\u0131r\u201d comes from\nGreek work \u201cPenegyris\u201d (community\u2019s gathering in a place) and its meaning is\nexplained as \u201ca bazaar held in a specific place in a specific time\u201d.<\/p>\n\n\n\n<p>Its remains are\nencountered in Troy, Kalkam\u0131\u015f, \u00c7atalh\u00f6y\u00fck in Anatolia where the first\nresidential areas of the world were established. Kayseri was mentioned even in\ntablets of Assyrians as an important commerce, storehouse and fair place.<\/p>\n\n\n\n<p>Using\nexhibitions as an advertisement tool by corporations and countries was made by\nunplanned and unscheduled fairs (panay\u0131r) in Turkey until 1923.<\/p>\n\n\n\n<p>It is impossible\nto say that mentioned fairs held were functional enough. These unscheduled\norganizations of fairs continued until \u0130zmir Economic Congress. On said organization\nMustafa Kemal Atat\u00fcrk commented \u201cEconomy Congress is well organized. Repeat\nthis every year. This kind of exhibitions contribute to the development of our\neconomy\u201d and highlighted the importance he gave to this issue. Local and\nforeign institutions attended this fair.<\/p>\n\n\n\n<p>For 9 September\nfair organized in the next year; Mustafa Kemal Atat\u00fcrk conveyed his opinions\nvia telegraph.<\/p>\n\n\n\n<p>After these\norganizations held in \u0130zmir; exhibitions started to be organized in other\ncities of Turkey. In these exhibitions economic and commercial goals were\nthought together with any kind of amusement; however functional features on\nexpertise were not considered well.<\/p>\n\n\n\n<p>With the first\n\u0130zmir International Exhibition held in 20th August 1936, the fair gained its\ninternational identity and both local and foreign institutions attended.<\/p>\n\n\n\n<p>\u0130zmir\nInternational Exhibition became a member of International Fairs Union (UFI) in\n1946.<\/p>\n\n\n\n<p>This advancement\nstarted exhibition sector in Turkey.<\/p>\n\n\n\n<p><strong>Exhibition Sector in Turkey<\/strong><\/p>\n\n\n\n<p>Serious paces\nstarted to be made on exhibition sector since 1960s and the numbers of both\nvisitors and participant in the exhibitions were increased.<\/p>\n\n\n\n<p>Between the\nyears 1964 and 1973; national fairs were held in Samsun, Bursa, Bal\u0131kesir,\nKayseri, Trabzon, Erzurum, Tatvan, Konya, Kocaeli and Gaziantep.<\/p>\n\n\n\n<p>When we reached\n1980s; the exhibition sector stepped a little further and the exhibitions\nbecame a prerequisite part of export and import relations.<\/p>\n\n\n\n<p>The exhibition\nsector made a huge progress, especially in 1990\u2019s; the number of fairs and\norganization firms founded increased significantly.<\/p>\n\n\n\n<p>Today; many\nstudies are made on the exhibition area and the exhibitions held has an\nexpertise fair quality. Expertise fairs bring purchasers and sales people\ndirectly related to the sector together. Thus, there is a serious orientation\ntowards expertise fairs all around the world.<\/p>\n","protected":false},"excerpt":{"rendered":"<p>As mechanisms measuring the results of studies on exhibitions in numeric terms have not been developed in Turkey; it is unfortunately impossible for us to know how exhibitions contribute to country economy. Our aim for giving the numerical comparison of Turkish and German exhibitions is to highlight the quality and importance of the exhibitions organized &hellip;<\/p>\n","protected":false},"author":1,"featured_media":0,"parent":0,"menu_order":0,"comment_status":"closed","ping_status":"closed","template":"","meta":[],"yoast_head":"<!-- This site is optimized with the Yoast SEO plugin v21.1 - https:\/\/yoast.com\/wordpress\/plugins\/seo\/ -->\n<title>Development of Exhibitions and Exhibition Sector in Turkey - NOYA FAIRS<\/title>\n<meta name=\"robots\" content=\"index, follow, max-snippet:-1, max-image-preview:large, max-video-preview:-1\" \/>\n<link rel=\"canonical\" href=\"https:\/\/www.noyafuar.com\/en\/development-of-exhibitions-and-exhibition-sector-in-turkey\/\" \/>\n<meta property=\"og:locale\" content=\"en_US\" \/>\n<meta property=\"og:type\" content=\"article\" \/>\n<meta property=\"og:title\" content=\"Development of Exhibitions and Exhibition Sector in Turkey - NOYA FAIRS\" \/>\n<meta property=\"og:description\" content=\"As mechanisms measuring the results of studies on exhibitions in numeric terms have not been developed in Turkey; it is unfortunately impossible for us to know how exhibitions contribute to country economy. Our aim for giving the numerical comparison of Turkish and German exhibitions is to highlight the quality and importance of the exhibitions organized &hellip;\" \/>\n<meta property=\"og:url\" content=\"https:\/\/www.noyafuar.com\/en\/development-of-exhibitions-and-exhibition-sector-in-turkey\/\" \/>\n<meta property=\"og:site_name\" content=\"NOYA FAIRS\" \/>\n<meta property=\"article:modified_time\" content=\"2020-01-13T14:22:13+00:00\" \/>\n<meta name=\"twitter:card\" content=\"summary_large_image\" \/>\n<meta name=\"twitter:label1\" content=\"Est. reading time\" \/>\n\t<meta name=\"twitter:data1\" content=\"3 minutes\" \/>\n<script type=\"application\/ld+json\" class=\"yoast-schema-graph\">{\"@context\":\"https:\/\/schema.org\",\"@graph\":[{\"@type\":\"WebPage\",\"@id\":\"https:\/\/www.noyafuar.com\/en\/development-of-exhibitions-and-exhibition-sector-in-turkey\/\",\"url\":\"https:\/\/www.noyafuar.com\/en\/development-of-exhibitions-and-exhibition-sector-in-turkey\/\",\"name\":\"Development of Exhibitions and Exhibition Sector in Turkey - NOYA FAIRS\",\"isPartOf\":{\"@id\":\"https:\/\/www.noyafuar.com\/en\/#website\"},\"datePublished\":\"2019-05-28T14:10:48+00:00\",\"dateModified\":\"2020-01-13T14:22:13+00:00\",\"breadcrumb\":{\"@id\":\"https:\/\/www.noyafuar.com\/en\/development-of-exhibitions-and-exhibition-sector-in-turkey\/#breadcrumb\"},\"inLanguage\":\"en-US\",\"potentialAction\":[{\"@type\":\"ReadAction\",\"target\":[\"https:\/\/www.noyafuar.com\/en\/development-of-exhibitions-and-exhibition-sector-in-turkey\/\"]}]},{\"@type\":\"BreadcrumbList\",\"@id\":\"https:\/\/www.noyafuar.com\/en\/development-of-exhibitions-and-exhibition-sector-in-turkey\/#breadcrumb\",\"itemListElement\":[{\"@type\":\"ListItem\",\"position\":1,\"name\":\"Ana sayfa\",\"item\":\"https:\/\/www.noyafuar.com\/en\/\"},{\"@type\":\"ListItem\",\"position\":2,\"name\":\"Development of Exhibitions and Exhibition Sector in Turkey\"}]},{\"@type\":\"WebSite\",\"@id\":\"https:\/\/www.noyafuar.com\/en\/#website\",\"url\":\"https:\/\/www.noyafuar.com\/en\/\",\"name\":\"NOYA FUAR\",\"description\":\"\",\"publisher\":{\"@id\":\"https:\/\/www.noyafuar.com\/en\/#organization\"},\"potentialAction\":[{\"@type\":\"SearchAction\",\"target\":{\"@type\":\"EntryPoint\",\"urlTemplate\":\"https:\/\/www.noyafuar.com\/en\/?s={search_term_string}\"},\"query-input\":\"required name=search_term_string\"}],\"inLanguage\":\"en-US\"},{\"@type\":\"Organization\",\"@id\":\"https:\/\/www.noyafuar.com\/en\/#organization\",\"name\":\"Noya Fuar\",\"url\":\"https:\/\/www.noyafuar.com\/en\/\",\"logo\":{\"@type\":\"ImageObject\",\"inLanguage\":\"en-US\",\"@id\":\"https:\/\/www.noyafuar.com\/en\/#\/schema\/logo\/image\/\",\"url\":\"https:\/\/www.noyafuar.com\/wp-content\/uploads\/2020\/01\/noyalogo.jpg\",\"contentUrl\":\"https:\/\/www.noyafuar.com\/wp-content\/uploads\/2020\/01\/noyalogo.jpg\",\"width\":327,\"height\":104,\"caption\":\"Noya Fuar\"},\"image\":{\"@id\":\"https:\/\/www.noyafuar.com\/en\/#\/schema\/logo\/image\/\"}}]}<\/script>\n<!-- \/ Yoast SEO plugin. -->","yoast_head_json":{"title":"Development of Exhibitions and Exhibition Sector in Turkey - NOYA FAIRS","robots":{"index":"index","follow":"follow","max-snippet":"max-snippet:-1","max-image-preview":"max-image-preview:large","max-video-preview":"max-video-preview:-1"},"canonical":"https:\/\/www.noyafuar.com\/en\/development-of-exhibitions-and-exhibition-sector-in-turkey\/","og_locale":"en_US","og_type":"article","og_title":"Development of Exhibitions and Exhibition Sector in Turkey - NOYA FAIRS","og_description":"As mechanisms measuring the results of studies on exhibitions in numeric terms have not been developed in Turkey; it is unfortunately impossible for us to know how exhibitions contribute to country economy. Our aim for giving the numerical comparison of Turkish and German exhibitions is to highlight the quality and importance of the exhibitions organized &hellip;","og_url":"https:\/\/www.noyafuar.com\/en\/development-of-exhibitions-and-exhibition-sector-in-turkey\/","og_site_name":"NOYA FAIRS","article_modified_time":"2020-01-13T14:22:13+00:00","twitter_card":"summary_large_image","twitter_misc":{"Est. reading time":"3 minutes"},"schema":{"@context":"https:\/\/schema.org","@graph":[{"@type":"WebPage","@id":"https:\/\/www.noyafuar.com\/en\/development-of-exhibitions-and-exhibition-sector-in-turkey\/","url":"https:\/\/www.noyafuar.com\/en\/development-of-exhibitions-and-exhibition-sector-in-turkey\/","name":"Development of Exhibitions and Exhibition Sector in Turkey - NOYA FAIRS","isPartOf":{"@id":"https:\/\/www.noyafuar.com\/en\/#website"},"datePublished":"2019-05-28T14:10:48+00:00","dateModified":"2020-01-13T14:22:13+00:00","breadcrumb":{"@id":"https:\/\/www.noyafuar.com\/en\/development-of-exhibitions-and-exhibition-sector-in-turkey\/#breadcrumb"},"inLanguage":"en-US","potentialAction":[{"@type":"ReadAction","target":["https:\/\/www.noyafuar.com\/en\/development-of-exhibitions-and-exhibition-sector-in-turkey\/"]}]},{"@type":"BreadcrumbList","@id":"https:\/\/www.noyafuar.com\/en\/development-of-exhibitions-and-exhibition-sector-in-turkey\/#breadcrumb","itemListElement":[{"@type":"ListItem","position":1,"name":"Ana sayfa","item":"https:\/\/www.noyafuar.com\/en\/"},{"@type":"ListItem","position":2,"name":"Development of Exhibitions and Exhibition Sector in Turkey"}]},{"@type":"WebSite","@id":"https:\/\/www.noyafuar.com\/en\/#website","url":"https:\/\/www.noyafuar.com\/en\/","name":"NOYA FUAR","description":"","publisher":{"@id":"https:\/\/www.noyafuar.com\/en\/#organization"},"potentialAction":[{"@type":"SearchAction","target":{"@type":"EntryPoint","urlTemplate":"https:\/\/www.noyafuar.com\/en\/?s={search_term_string}"},"query-input":"required name=search_term_string"}],"inLanguage":"en-US"},{"@type":"Organization","@id":"https:\/\/www.noyafuar.com\/en\/#organization","name":"Noya Fuar","url":"https:\/\/www.noyafuar.com\/en\/","logo":{"@type":"ImageObject","inLanguage":"en-US","@id":"https:\/\/www.noyafuar.com\/en\/#\/schema\/logo\/image\/","url":"https:\/\/www.noyafuar.com\/wp-content\/uploads\/2020\/01\/noyalogo.jpg","contentUrl":"https:\/\/www.noyafuar.com\/wp-content\/uploads\/2020\/01\/noyalogo.jpg","width":327,"height":104,"caption":"Noya Fuar"},"image":{"@id":"https:\/\/www.noyafuar.com\/en\/#\/schema\/logo\/image\/"}}]}},"_links":{"self":[{"href":"https:\/\/www.noyafuar.com\/en\/wp-json\/wp\/v2\/pages\/76"}],"collection":[{"href":"https:\/\/www.noyafuar.com\/en\/wp-json\/wp\/v2\/pages"}],"about":[{"href":"https:\/\/www.noyafuar.com\/en\/wp-json\/wp\/v2\/types\/page"}],"author":[{"embeddable":true,"href":"https:\/\/www.noyafuar.com\/en\/wp-json\/wp\/v2\/users\/1"}],"replies":[{"embeddable":true,"href":"https:\/\/www.noyafuar.com\/en\/wp-json\/wp\/v2\/comments?post=76"}],"version-history":[{"count":0,"href":"https:\/\/www.noyafuar.com\/en\/wp-json\/wp\/v2\/pages\/76\/revisions"}],"wp:attachment":[{"href":"https:\/\/www.noyafuar.com\/en\/wp-json\/wp\/v2\/media?parent=76"}],"curies":[{"name":"wp","href":"https:\/\/api.w.org\/{rel}","templated":true}]}}