{"id":68,"date":"2019-05-28T17:05:47","date_gmt":"2019-05-28T14:05:47","guid":{"rendered":"http:\/\/www.noyafuar.com\/?page_id=68"},"modified":"2020-01-15T12:08:28","modified_gmt":"2020-01-15T09:08:28","slug":"noya-fairs","status":"publish","type":"page","link":"https:\/\/www.noyafuar.com\/en\/noya-fairs\/","title":{"rendered":"Noya Fair Organization"},"content":{"rendered":"\n<p>NISH ISTANBUL PLAZA<br>A Blok Zemin D:15 Sanayi Caddesi No:44<br>Cobancesme Mahallesi Bahcelievler 34196 Istanbul \/ TURKIYE<\/p>\n\n\n\n<p>Tel: +90 212 603 66 92<br>Fax: +90 212 603 65 19<\/p>\n\n\n\n<p>e-mail: <a href=\"mailto:info@noyafuar.com\" target=\"_blank\" rel=\"noreferrer noopener\" aria-label=\"info@noyafuar.com (yeni sekmede a\u00e7\u0131l\u0131r)\">info@noyafuar.com<\/a><\/p>\n","protected":false},"excerpt":{"rendered":"<p>NISH ISTANBUL PLAZAA Blok Zemin D:15 Sanayi Caddesi No:44Cobancesme Mahallesi Bahcelievler 34196 Istanbul \/ TURKIYE Tel: +90 212 603 66 92Fax: +90 212 603 65 19 e-mail: info@noyafuar.com<\/p>\n","protected":false},"author":1,"featured_media":0,"parent":0,"menu_order":0,"comment_status":"closed","ping_status":"closed","template":"","meta":[],"yoast_head":"<!-- This site is optimized with the Yoast SEO plugin v21.1 - https:\/\/yoast.com\/wordpress\/plugins\/seo\/ -->\n<title>Noya Fair Organization - NOYA FAIRS<\/title>\n<meta name=\"robots\" content=\"index, follow, max-snippet:-1, max-image-preview:large, max-video-preview:-1\" \/>\n<link rel=\"canonical\" href=\"https:\/\/www.noyafuar.com\/en\/noya-fairs\/\" \/>\n<meta property=\"og:locale\" content=\"en_US\" \/>\n<meta property=\"og:type\" content=\"article\" \/>\n<meta property=\"og:title\" content=\"Noya Fair Organization - NOYA FAIRS\" \/>\n<meta property=\"og:description\" content=\"NISH ISTANBUL PLAZAA Blok Zemin D:15 Sanayi Caddesi No:44Cobancesme Mahallesi Bahcelievler 34196 Istanbul \/ TURKIYE Tel: +90 212 603 66 92Fax: +90 212 603 65 19 e-mail: info@noyafuar.com\" \/>\n<meta property=\"og:url\" content=\"https:\/\/www.noyafuar.com\/en\/noya-fairs\/\" \/>\n<meta property=\"og:site_name\" content=\"NOYA FAIRS\" \/>\n<meta property=\"article:modified_time\" content=\"2020-01-15T09:08:28+00:00\" \/>\n<meta name=\"twitter:card\" content=\"summary_large_image\" \/>\n<script type=\"application\/ld+json\" class=\"yoast-schema-graph\">{\"@context\":\"https:\/\/schema.org\",\"@graph\":[{\"@type\":\"WebPage\",\"@id\":\"https:\/\/www.noyafuar.com\/en\/noya-fairs\/\",\"url\":\"https:\/\/www.noyafuar.com\/en\/noya-fairs\/\",\"name\":\"Noya Fair Organization - NOYA FAIRS\",\"isPartOf\":{\"@id\":\"https:\/\/www.noyafuar.com\/en\/#website\"},\"datePublished\":\"2019-05-28T14:05:47+00:00\",\"dateModified\":\"2020-01-15T09:08:28+00:00\",\"breadcrumb\":{\"@id\":\"https:\/\/www.noyafuar.com\/en\/noya-fairs\/#breadcrumb\"},\"inLanguage\":\"en-US\",\"potentialAction\":[{\"@type\":\"ReadAction\",\"target\":[\"https:\/\/www.noyafuar.com\/en\/noya-fairs\/\"]}]},{\"@type\":\"BreadcrumbList\",\"@id\":\"https:\/\/www.noyafuar.com\/en\/noya-fairs\/#breadcrumb\",\"itemListElement\":[{\"@type\":\"ListItem\",\"position\":1,\"name\":\"Ana sayfa\",\"item\":\"https:\/\/www.noyafuar.com\/en\/\"},{\"@type\":\"ListItem\",\"position\":2,\"name\":\"Noya Fair Organization\"}]},{\"@type\":\"WebSite\",\"@id\":\"https:\/\/www.noyafuar.com\/en\/#website\",\"url\":\"https:\/\/www.noyafuar.com\/en\/\",\"name\":\"NOYA FUAR\",\"description\":\"\",\"publisher\":{\"@id\":\"https:\/\/www.noyafuar.com\/en\/#organization\"},\"potentialAction\":[{\"@type\":\"SearchAction\",\"target\":{\"@type\":\"EntryPoint\",\"urlTemplate\":\"https:\/\/www.noyafuar.com\/en\/?s={search_term_string}\"},\"query-input\":\"required name=search_term_string\"}],\"inLanguage\":\"en-US\"},{\"@type\":\"Organization\",\"@id\":\"https:\/\/www.noyafuar.com\/en\/#organization\",\"name\":\"Noya Fuar\",\"url\":\"https:\/\/www.noyafuar.com\/en\/\",\"logo\":{\"@type\":\"ImageObject\",\"inLanguage\":\"en-US\",\"@id\":\"https:\/\/www.noyafuar.com\/en\/#\/schema\/logo\/image\/\",\"url\":\"https:\/\/www.noyafuar.com\/wp-content\/uploads\/2020\/01\/noyalogo.jpg\",\"contentUrl\":\"https:\/\/www.noyafuar.com\/wp-content\/uploads\/2020\/01\/noyalogo.jpg\",\"width\":327,\"height\":104,\"caption\":\"Noya Fuar\"},\"image\":{\"@id\":\"https:\/\/www.noyafuar.com\/en\/#\/schema\/logo\/image\/\"}}]}<\/script>\n<!-- \/ Yoast SEO plugin. -->","yoast_head_json":{"title":"Noya Fair Organization - NOYA FAIRS","robots":{"index":"index","follow":"follow","max-snippet":"max-snippet:-1","max-image-preview":"max-image-preview:large","max-video-preview":"max-video-preview:-1"},"canonical":"https:\/\/www.noyafuar.com\/en\/noya-fairs\/","og_locale":"en_US","og_type":"article","og_title":"Noya Fair Organization - NOYA FAIRS","og_description":"NISH ISTANBUL PLAZAA Blok Zemin D:15 Sanayi Caddesi No:44Cobancesme Mahallesi Bahcelievler 34196 Istanbul \/ TURKIYE Tel: +90 212 603 66 92Fax: +90 212 603 65 19 e-mail: info@noyafuar.com","og_url":"https:\/\/www.noyafuar.com\/en\/noya-fairs\/","og_site_name":"NOYA FAIRS","article_modified_time":"2020-01-15T09:08:28+00:00","twitter_card":"summary_large_image","schema":{"@context":"https:\/\/schema.org","@graph":[{"@type":"WebPage","@id":"https:\/\/www.noyafuar.com\/en\/noya-fairs\/","url":"https:\/\/www.noyafuar.com\/en\/noya-fairs\/","name":"Noya Fair Organization - NOYA FAIRS","isPartOf":{"@id":"https:\/\/www.noyafuar.com\/en\/#website"},"datePublished":"2019-05-28T14:05:47+00:00","dateModified":"2020-01-15T09:08:28+00:00","breadcrumb":{"@id":"https:\/\/www.noyafuar.com\/en\/noya-fairs\/#breadcrumb"},"inLanguage":"en-US","potentialAction":[{"@type":"ReadAction","target":["https:\/\/www.noyafuar.com\/en\/noya-fairs\/"]}]},{"@type":"BreadcrumbList","@id":"https:\/\/www.noyafuar.com\/en\/noya-fairs\/#breadcrumb","itemListElement":[{"@type":"ListItem","position":1,"name":"Ana sayfa","item":"https:\/\/www.noyafuar.com\/en\/"},{"@type":"ListItem","position":2,"name":"Noya Fair Organization"}]},{"@type":"WebSite","@id":"https:\/\/www.noyafuar.com\/en\/#website","url":"https:\/\/www.noyafuar.com\/en\/","name":"NOYA FUAR","description":"","publisher":{"@id":"https:\/\/www.noyafuar.com\/en\/#organization"},"potentialAction":[{"@type":"SearchAction","target":{"@type":"EntryPoint","urlTemplate":"https:\/\/www.noyafuar.com\/en\/?s={search_term_string}"},"query-input":"required name=search_term_string"}],"inLanguage":"en-US"},{"@type":"Organization","@id":"https:\/\/www.noyafuar.com\/en\/#organization","name":"Noya Fuar","url":"https:\/\/www.noyafuar.com\/en\/","logo":{"@type":"ImageObject","inLanguage":"en-US","@id":"https:\/\/www.noyafuar.com\/en\/#\/schema\/logo\/image\/","url":"https:\/\/www.noyafuar.com\/wp-content\/uploads\/2020\/01\/noyalogo.jpg","contentUrl":"https:\/\/www.noyafuar.com\/wp-content\/uploads\/2020\/01\/noyalogo.jpg","width":327,"height":104,"caption":"Noya Fuar"},"image":{"@id":"https:\/\/www.noyafuar.com\/en\/#\/schema\/logo\/image\/"}}]}},"_links":{"self":[{"href":"https:\/\/www.noyafuar.com\/en\/wp-json\/wp\/v2\/pages\/68"}],"collection":[{"href":"https:\/\/www.noyafuar.com\/en\/wp-json\/wp\/v2\/pages"}],"about":[{"href":"https:\/\/www.noyafuar.com\/en\/wp-json\/wp\/v2\/types\/page"}],"author":[{"embeddable":true,"href":"https:\/\/www.noyafuar.com\/en\/wp-json\/wp\/v2\/users\/1"}],"replies":[{"embeddable":true,"href":"https:\/\/www.noyafuar.com\/en\/wp-json\/wp\/v2\/comments?post=68"}],"version-history":[{"count":0,"href":"https:\/\/www.noyafuar.com\/en\/wp-json\/wp\/v2\/pages\/68\/revisions"}],"wp:attachment":[{"href":"https:\/\/www.noyafuar.com\/en\/wp-json\/wp\/v2\/media?parent=68"}],"curies":[{"name":"wp","href":"https:\/\/api.w.org\/{rel}","templated":true}]}}